{"id":183,"date":"2019-05-23T12:23:15","date_gmt":"2019-05-23T12:23:15","guid":{"rendered":"https:\/\/www.demokrasisehitleriasm.com\/?page_id=183"},"modified":"2025-05-30T21:28:21","modified_gmt":"2025-05-30T21:28:21","slug":"calisma-saatleri","status":"publish","type":"page","link":"https:\/\/www.demokrasisehitleriasm.com\/?page_id=183","title":{"rendered":"\u00c7al\u0131\u015fma Saatleri"},"content":{"rendered":"\t\t<div data-elementor-type=\"wp-post\" data-elementor-id=\"183\" class=\"elementor elementor-183\" data-elementor-post-type=\"page\">\n\t\t\t\t\t\t<section class=\"elementor-section elementor-top-section elementor-element elementor-element-599f4cc5 elementor-section-full_width elementor-section-stretched elementor-section-height-default elementor-section-height-default\" data-id=\"599f4cc5\" data-element_type=\"section\" data-settings=\"{&quot;background_background&quot;:&quot;classic&quot;,&quot;stretch_section&quot;:&quot;section-stretched&quot;}\">\n\t\t\t\t\t\t<div class=\"elementor-container elementor-column-gap-no\">\n\t\t\t\t\t<div class=\"elementor-column elementor-col-100 elementor-top-column elementor-element elementor-element-7090de8e\" data-id=\"7090de8e\" data-element_type=\"column\">\n\t\t\t<div class=\"elementor-widget-wrap elementor-element-populated\">\n\t\t\t\t\t\t<div class=\"elementor-element elementor-element-1daa6a29 elementor--h-position-center elementor--v-position-middle elementor-arrows-position-inside elementor-widget elementor-widget-slides\" data-id=\"1daa6a29\" data-element_type=\"widget\" data-settings=\"{&quot;navigation&quot;:&quot;arrows&quot;,&quot;autoplay_speed&quot;:3000,&quot;transition_speed&quot;:300,&quot;autoplay&quot;:&quot;yes&quot;,&quot;pause_on_hover&quot;:&quot;yes&quot;,&quot;pause_on_interaction&quot;:&quot;yes&quot;,&quot;infinite&quot;:&quot;yes&quot;,&quot;transition&quot;:&quot;slide&quot;}\" data-widget_type=\"slides.default\">\n\t\t\t\t<div class=\"elementor-widget-container\">\n\t\t\t\t\t\t\t\t\t<div class=\"elementor-swiper\">\n\t\t\t\t\t<div class=\"elementor-slides-wrapper elementor-main-swiper swiper\" role=\"region\" aria-roledescription=\"carousel\" aria-label=\"Slides\" dir=\"ltr\" data-animation=\"fadeInUp\">\n\t\t\t\t<div class=\"swiper-wrapper elementor-slides\">\n\t\t\t\t\t\t\t\t\t\t<div class=\"elementor-repeater-item-510ee7a swiper-slide\" role=\"group\" aria-roledescription=\"slide\"><div class=\"swiper-slide-bg\" role=\"img\"><\/div><div class=\"elementor-background-overlay\"><\/div><a class=\"swiper-slide-inner\" href=\"#\"><div class=\"swiper-slide-contents\"><div class=\"elementor-slide-description\">\u00c7ocu\u011funuzun sa\u011fl\u0131kl\u0131 b\u00fcy\u00fcmesi i\u00e7in d\u00fczenli olarak aile hekimine kontrol ettirmeyi unutmay\u0131n.<\/div><\/div><\/a><\/div><div class=\"elementor-repeater-item-97944c5 swiper-slide\" role=\"group\" aria-roledescription=\"slide\"><div class=\"swiper-slide-bg\" role=\"img\"><\/div><div class=\"elementor-background-overlay\"><\/div><a class=\"swiper-slide-inner\" href=\"#\"><div class=\"swiper-slide-contents\"><div class=\"elementor-slide-heading\">Anneler!<\/div><div class=\"elementor-slide-description\">Bebe\u011finiz i\u00e7in en iyi besin anne s\u00fct\u00fcd\u00fcr.<\/div><\/div><\/a><\/div><div class=\"elementor-repeater-item-782cee9 swiper-slide\" role=\"group\" aria-roledescription=\"slide\"><div class=\"swiper-slide-bg\" role=\"img\"><\/div><div class=\"elementor-background-overlay\"><\/div><a class=\"swiper-slide-inner\" href=\"#\"><div class=\"swiper-slide-contents\"><div class=\"elementor-slide-heading\">Kalbinizi koruyun!<\/div><div class=\"elementor-slide-description\">Sigara, alkol ve uyu\u015fturucu maddelerden uzak durun.<\/div><\/div><\/a><\/div>\t\t\t\t<\/div>\n\t\t\t\t\t\t\t\t\t\t\t\t\t\t\t<div class=\"elementor-swiper-button elementor-swiper-button-prev\" role=\"button\" tabindex=\"0\" aria-label=\"Previous slide\">\n\t\t\t\t\t\t\t<i aria-hidden=\"true\" class=\"eicon-chevron-left\"><\/i>\t\t\t\t\t\t<\/div>\n\t\t\t\t\t\t<div class=\"elementor-swiper-button elementor-swiper-button-next\" role=\"button\" tabindex=\"0\" aria-label=\"Next slide\">\n\t\t\t\t\t\t\t<i aria-hidden=\"true\" class=\"eicon-chevron-right\"><\/i>\t\t\t\t\t\t<\/div>\n\t\t\t\t\t\t\t\t\t\t\t\t\t\t\t\t\t<\/div>\n\t\t\t\t<\/div>\n\t\t\t\t\t\t\t\t<\/div>\n\t\t\t\t<\/div>\n\t\t\t\t\t<\/div>\n\t\t<\/div>\n\t\t\t\t\t<\/div>\n\t\t<\/section>\n\t\t\t\t<section class=\"elementor-section elementor-top-section elementor-element elementor-element-4d4e54f elementor-section-boxed elementor-section-height-default elementor-section-height-default\" data-id=\"4d4e54f\" data-element_type=\"section\">\n\t\t\t\t\t\t<div class=\"elementor-container elementor-column-gap-default\">\n\t\t\t\t\t<div class=\"elementor-column elementor-col-100 elementor-top-column elementor-element elementor-element-01243cf\" data-id=\"01243cf\" data-element_type=\"column\">\n\t\t\t<div class=\"elementor-widget-wrap elementor-element-populated\">\n\t\t\t\t\t\t<div class=\"elementor-element elementor-element-cdda170 elementor-widget elementor-widget-heading\" data-id=\"cdda170\" data-element_type=\"widget\" data-widget_type=\"heading.default\">\n\t\t\t\t<div class=\"elementor-widget-container\">\n\t\t\t\t\t<h2 class=\"elementor-heading-title elementor-size-xl\">\u00c7ALI\u015eMA SAATLER\u0130<\/h2>\t\t\t\t<\/div>\n\t\t\t\t<\/div>\n\t\t\t\t\t<\/div>\n\t\t<\/div>\n\t\t\t\t\t<\/div>\n\t\t<\/section>\n\t\t\t\t<section class=\"elementor-section elementor-top-section elementor-element elementor-element-8fb30d6 elementor-section-boxed elementor-section-height-default elementor-section-height-default\" data-id=\"8fb30d6\" data-element_type=\"section\">\n\t\t\t\t\t\t<div class=\"elementor-container elementor-column-gap-default\">\n\t\t\t\t\t<div class=\"elementor-column elementor-col-100 elementor-top-column elementor-element elementor-element-3ab149c\" data-id=\"3ab149c\" data-element_type=\"column\">\n\t\t\t<div class=\"elementor-widget-wrap elementor-element-populated\">\n\t\t\t\t\t\t<div class=\"elementor-element elementor-element-9be5a65 elementor-widget elementor-widget-heading\" data-id=\"9be5a65\" data-element_type=\"widget\" data-widget_type=\"heading.default\">\n\t\t\t\t<div class=\"elementor-widget-container\">\n\t\t\t\t\t<h2 class=\"elementor-heading-title elementor-size-default\"><span style=\"font-family: Roboto, sans-serif;font-size: 20px;font-style: normal;font-weight: 600\">Dr. Gamze KANDEM\u0130R<\/span><\/h2>\t\t\t\t<\/div>\n\t\t\t\t<\/div>\n\t\t\t\t\t<\/div>\n\t\t<\/div>\n\t\t\t\t\t<\/div>\n\t\t<\/section>\n\t\t\t\t<section class=\"elementor-section elementor-top-section elementor-element elementor-element-b0e459e elementor-section-boxed elementor-section-height-default elementor-section-height-default\" data-id=\"b0e459e\" data-element_type=\"section\">\n\t\t\t\t\t\t<div class=\"elementor-container elementor-column-gap-default\">\n\t\t\t\t\t<div class=\"elementor-column elementor-col-100 elementor-top-column elementor-element elementor-element-30769ab\" data-id=\"30769ab\" data-element_type=\"column\">\n\t\t\t<div class=\"elementor-widget-wrap elementor-element-populated\">\n\t\t\t\t\t\t<div class=\"elementor-element elementor-element-50b97da elementor-widget elementor-widget-shortcode\" data-id=\"50b97da\" data-element_type=\"widget\" data-widget_type=\"shortcode.default\">\n\t\t\t\t<div class=\"elementor-widget-container\">\n\t\t\t\t\t\t\t<div class=\"elementor-shortcode\">\n<table id=\"tablepress-4\" class=\"tablepress tablepress-id-4\">\n<tbody class=\"row-striping row-hover\">\n<tr class=\"row-1\">\n\t<td class=\"column-1\">Dr. Gamze KANDEM\u0130R<\/td><td class=\"column-2\"><\/td><td class=\"column-3\"><\/td>\n<\/tr>\n<tr class=\"row-2\">\n\t<td class=\"column-1\"><strong>PAZARTES\u0130<\/strong><\/td><td class=\"column-2\"><\/td><td class=\"column-3\"><\/td>\n<\/tr>\n<tr class=\"row-3\">\n\t<td class=\"column-1\"><\/td><td class=\"column-2\">Mesai Saatleri<\/td><td class=\"column-3\">Toplam Saat<\/td>\n<\/tr>\n<tr class=\"row-4\">\n\t<td class=\"column-1\">SABAH<\/td><td class=\"column-2\">08:00- 12:00<\/td><td class=\"column-3\">4<\/td>\n<\/tr>\n<tr class=\"row-5\">\n\t<td class=\"column-1\">AK\u015eAM<\/td><td class=\"column-2\">13:00 - 17:00<\/td><td class=\"column-3\">4<\/td>\n<\/tr>\n<tr class=\"row-6\">\n\t<td class=\"column-1\">TOPLAM SAAT<\/td><td class=\"column-2\"><\/td><td class=\"column-3\">8<\/td>\n<\/tr>\n<tr class=\"row-7\">\n\t<td class=\"column-1\"><\/td><td class=\"column-2\"><\/td><td class=\"column-3\"><\/td>\n<\/tr>\n<tr class=\"row-8\">\n\t<td class=\"column-1\"><strong>SALI<\/strong><\/td><td class=\"column-2\"><\/td><td class=\"column-3\"><\/td>\n<\/tr>\n<tr class=\"row-9\">\n\t<td class=\"column-1\"><\/td><td class=\"column-2\">Mesai Saatleri<\/td><td class=\"column-3\">Toplam Saat<\/td>\n<\/tr>\n<tr class=\"row-10\">\n\t<td class=\"column-1\">SABAH<\/td><td class=\"column-2\">07:30 - 12:30<\/td><td class=\"column-3\">5<\/td>\n<\/tr>\n<tr class=\"row-11\">\n\t<td class=\"column-1\">AK\u015eAM<\/td><td class=\"column-2\">13:30 - 19:30<\/td><td class=\"column-3\">6<\/td>\n<\/tr>\n<tr class=\"row-12\">\n\t<td class=\"column-1\">TOPLAM SAAT<\/td><td class=\"column-2\"><\/td><td class=\"column-3\">11<\/td>\n<\/tr>\n<tr class=\"row-13\">\n\t<td class=\"column-1\"><\/td><td class=\"column-2\"><\/td><td class=\"column-3\"><\/td>\n<\/tr>\n<tr class=\"row-14\">\n\t<td class=\"column-1\"><strong>\u00c7AR\u015eAMBA<\/strong><\/td><td class=\"column-2\"><\/td><td class=\"column-3\"><\/td>\n<\/tr>\n<tr class=\"row-15\">\n\t<td class=\"column-1\"><\/td><td class=\"column-2\">Mesai Saatleri<\/td><td class=\"column-3\">Toplam Saat<\/td>\n<\/tr>\n<tr class=\"row-16\">\n\t<td class=\"column-1\">SABAH<\/td><td class=\"column-2\">08:30 - 12:30<\/td><td class=\"column-3\">4<\/td>\n<\/tr>\n<tr class=\"row-17\">\n\t<td class=\"column-1\">AK\u015eAM<\/td><td class=\"column-2\">13:30 - 17:30<\/td><td class=\"column-3\">4<\/td>\n<\/tr>\n<tr class=\"row-18\">\n\t<td class=\"column-1\">TOPLAM SAAT<\/td><td class=\"column-2\"><\/td><td class=\"column-3\">8<\/td>\n<\/tr>\n<tr class=\"row-19\">\n\t<td class=\"column-1\"><\/td><td class=\"column-2\"><\/td><td class=\"column-3\"><\/td>\n<\/tr>\n<tr class=\"row-20\">\n\t<td class=\"column-1\"><strong>PER\u015eEMBE<\/strong><\/td><td class=\"column-2\"><\/td><td class=\"column-3\"><\/td>\n<\/tr>\n<tr class=\"row-21\">\n\t<td class=\"column-1\"><\/td><td class=\"column-2\">Mesai Saatleri<\/td><td class=\"column-3\">Toplam Saat<\/td>\n<\/tr>\n<tr class=\"row-22\">\n\t<td class=\"column-1\">SABAH<\/td><td class=\"column-2\">08:00 - 13:00<\/td><td class=\"column-3\">5<\/td>\n<\/tr>\n<tr class=\"row-23\">\n\t<td class=\"column-1\">AK\u015eAM<\/td><td class=\"column-2\"><\/td><td class=\"column-3\"><\/td>\n<\/tr>\n<tr class=\"row-24\">\n\t<td class=\"column-1\">TOPLAM SAAT<\/td><td class=\"column-2\"><\/td><td class=\"column-3\">5<\/td>\n<\/tr>\n<tr class=\"row-25\">\n\t<td class=\"column-1\"><\/td><td class=\"column-2\"><\/td><td class=\"column-3\"><\/td>\n<\/tr>\n<tr class=\"row-26\">\n\t<td class=\"column-1\"><strong>CUMA<\/strong><\/td><td class=\"column-2\"><\/td><td class=\"column-3\"><\/td>\n<\/tr>\n<tr class=\"row-27\">\n\t<td class=\"column-1\"><\/td><td class=\"column-2\">Mesai Saatleri<\/td><td class=\"column-3\">Toplam Saat<\/td>\n<\/tr>\n<tr class=\"row-28\">\n\t<td class=\"column-1\">SABAH<\/td><td class=\"column-2\">08:30 - 13:00<\/td><td class=\"column-3\">4.5<\/td>\n<\/tr>\n<tr class=\"row-29\">\n\t<td class=\"column-1\">AK\u015eAM<\/td><td class=\"column-2\">14:00 - 17:30<\/td><td class=\"column-3\">3.5<\/td>\n<\/tr>\n<tr class=\"row-30\">\n\t<td class=\"column-1\">TOPLAM SAAT<\/td><td class=\"column-2\"><\/td><td class=\"column-3\">8<\/td>\n<\/tr>\n<tr class=\"row-31\">\n\t<td class=\"column-1\"><\/td><td class=\"column-2\"><\/td><td class=\"column-3\"><\/td>\n<\/tr>\n<tr class=\"row-32\">\n\t<td class=\"column-1\"><strong>A\u0130LE HEK\u0130M\u0130N\u0130N HAFTALIK \u00c7ALI\u015eMA SAATLER\u0130 TOPLAMI<\/strong><\/td><td class=\"column-2\"><\/td><td class=\"column-3\"><strong>40<\/strong><\/td>\n<\/tr>\n<tr class=\"row-33\">\n\t<td class=\"column-1\"><\/td><td class=\"column-2\"><\/td><td class=\"column-3\"><\/td>\n<\/tr>\n<tr class=\"row-34\">\n\t<td class=\"column-1\"><\/td><td class=\"column-2\"><\/td><td class=\"column-3\"><\/td>\n<\/tr>\n<\/tbody>\n<\/table>\n<!-- #tablepress-4 from cache --><\/div>\n\t\t\t\t\t\t<\/div>\n\t\t\t\t<\/div>\n\t\t\t\t\t<\/div>\n\t\t<\/div>\n\t\t\t\t\t<\/div>\n\t\t<\/section>\n\t\t\t\t<section class=\"elementor-section elementor-top-section elementor-element elementor-element-8660fd6 elementor-section-boxed elementor-section-height-default elementor-section-height-default\" data-id=\"8660fd6\" data-element_type=\"section\">\n\t\t\t\t\t\t<div class=\"elementor-container elementor-column-gap-default\">\n\t\t\t\t\t<div class=\"elementor-column elementor-col-100 elementor-top-column elementor-element elementor-element-16150d3\" data-id=\"16150d3\" data-element_type=\"column\">\n\t\t\t<div class=\"elementor-widget-wrap elementor-element-populated\">\n\t\t\t\t\t\t<div class=\"elementor-element elementor-element-ee510af elementor-widget elementor-widget-heading\" data-id=\"ee510af\" data-element_type=\"widget\" data-widget_type=\"heading.default\">\n\t\t\t\t<div class=\"elementor-widget-container\">\n\t\t\t\t\t<h2 class=\"elementor-heading-title elementor-size-default\"><h2 class=\"elementor-heading-title elementor-size-default elementor-inline-editing pen\" data-elementor-setting-key=\"title\" data-pen-placeholder=\"Type Here...\" style=\"font-family: Roboto, sans-serif;font-style: normal;font-weight: 600\">Dr. \u0130rem Karag\u00f6z G\u00fcnel<\/h2><\/h2>\t\t\t\t<\/div>\n\t\t\t\t<\/div>\n\t\t\t\t\t<\/div>\n\t\t<\/div>\n\t\t\t\t\t<\/div>\n\t\t<\/section>\n\t\t\t\t<section class=\"elementor-section elementor-top-section elementor-element elementor-element-06425f8 elementor-section-boxed elementor-section-height-default elementor-section-height-default\" data-id=\"06425f8\" data-element_type=\"section\">\n\t\t\t\t\t\t<div class=\"elementor-container elementor-column-gap-default\">\n\t\t\t\t\t<div class=\"elementor-column elementor-col-100 elementor-top-column elementor-element elementor-element-1e63d8f\" data-id=\"1e63d8f\" data-element_type=\"column\">\n\t\t\t<div class=\"elementor-widget-wrap elementor-element-populated\">\n\t\t\t\t\t\t<div class=\"elementor-element elementor-element-27ed007 elementor-widget elementor-widget-shortcode\" data-id=\"27ed007\" data-element_type=\"widget\" data-widget_type=\"shortcode.default\">\n\t\t\t\t<div class=\"elementor-widget-container\">\n\t\t\t\t\t\t\t<div class=\"elementor-shortcode\">\n<table id=\"tablepress-5\" class=\"tablepress tablepress-id-5\">\n<tbody class=\"row-striping row-hover\">\n<tr class=\"row-1\">\n\t<td class=\"column-1\">Dr. \u0130rem KARAG\u00d6Z G\u00dcNEL<\/td><td class=\"column-2\"><\/td><td class=\"column-3\"><\/td>\n<\/tr>\n<tr class=\"row-2\">\n\t<td class=\"column-1\"><strong>PAZARTES\u0130<\/strong><\/td><td class=\"column-2\"><\/td><td class=\"column-3\"><\/td>\n<\/tr>\n<tr class=\"row-3\">\n\t<td class=\"column-1\"><\/td><td class=\"column-2\">Mesai Saatleri<\/td><td class=\"column-3\">Toplam Saat<\/td>\n<\/tr>\n<tr class=\"row-4\">\n\t<td class=\"column-1\">SABAH<\/td><td class=\"column-2\">08:30 - 13:00<\/td><td class=\"column-3\">4.5<\/td>\n<\/tr>\n<tr class=\"row-5\">\n\t<td class=\"column-1\">AK\u015eAM<\/td><td class=\"column-2\">14:00 - 17:30<\/td><td class=\"column-3\">3.5<\/td>\n<\/tr>\n<tr class=\"row-6\">\n\t<td class=\"column-1\">TOPLAM SAAT<\/td><td class=\"column-2\"><\/td><td class=\"column-3\">8<\/td>\n<\/tr>\n<tr class=\"row-7\">\n\t<td class=\"column-1\"><\/td><td class=\"column-2\"><\/td><td class=\"column-3\"><\/td>\n<\/tr>\n<tr class=\"row-8\">\n\t<td class=\"column-1\"><strong>SALI<\/strong><\/td><td class=\"column-2\"><\/td><td class=\"column-3\"><\/td>\n<\/tr>\n<tr class=\"row-9\">\n\t<td class=\"column-1\"><\/td><td class=\"column-2\">Mesai Saatleri<\/td><td class=\"column-3\">Toplam Saat<\/td>\n<\/tr>\n<tr class=\"row-10\">\n\t<td class=\"column-1\">SABAH<\/td><td class=\"column-2\">08:30 - 12:30<\/td><td class=\"column-3\">4<\/td>\n<\/tr>\n<tr class=\"row-11\">\n\t<td class=\"column-1\">AK\u015eAM<\/td><td class=\"column-2\">13:30 - 17:30<\/td><td class=\"column-3\">4<\/td>\n<\/tr>\n<tr class=\"row-12\">\n\t<td class=\"column-1\">TOPLAM SAAT<\/td><td class=\"column-2\"><\/td><td class=\"column-3\">8<\/td>\n<\/tr>\n<tr class=\"row-13\">\n\t<td class=\"column-1\"><\/td><td class=\"column-2\"><\/td><td class=\"column-3\"><\/td>\n<\/tr>\n<tr class=\"row-14\">\n\t<td class=\"column-1\"><strong>\u00c7AR\u015eAMBA<\/strong><\/td><td class=\"column-2\"><\/td><td class=\"column-3\"><\/td>\n<\/tr>\n<tr class=\"row-15\">\n\t<td class=\"column-1\"><\/td><td class=\"column-2\">Mesai Saatleri<\/td><td class=\"column-3\">Toplam Saat<\/td>\n<\/tr>\n<tr class=\"row-16\">\n\t<td class=\"column-1\">SABAH<\/td><td class=\"column-2\">07:30 - 12:30<\/td><td class=\"column-3\">5<\/td>\n<\/tr>\n<tr class=\"row-17\">\n\t<td class=\"column-1\">AK\u015eAM<\/td><td class=\"column-2\">13:30 - 19:30<\/td><td class=\"column-3\">6<\/td>\n<\/tr>\n<tr class=\"row-18\">\n\t<td class=\"column-1\">TOPLAM SAAT<\/td><td class=\"column-2\"><\/td><td class=\"column-3\">11<\/td>\n<\/tr>\n<tr class=\"row-19\">\n\t<td class=\"column-1\"><\/td><td class=\"column-2\"><\/td><td class=\"column-3\"><\/td>\n<\/tr>\n<tr class=\"row-20\">\n\t<td class=\"column-1\"><strong>PER\u015eEMBE<\/strong><\/td><td class=\"column-2\"><\/td><td class=\"column-3\"><\/td>\n<\/tr>\n<tr class=\"row-21\">\n\t<td class=\"column-1\"><\/td><td class=\"column-2\">Mesai Saatleri<\/td><td class=\"column-3\">Toplam Saat<\/td>\n<\/tr>\n<tr class=\"row-22\">\n\t<td class=\"column-1\">SABAH<\/td><td class=\"column-2\">08:00 - 13:00<\/td><td class=\"column-3\">5<\/td>\n<\/tr>\n<tr class=\"row-23\">\n\t<td class=\"column-1\">AK\u015eAM<\/td><td class=\"column-2\"><\/td><td class=\"column-3\"><\/td>\n<\/tr>\n<tr class=\"row-24\">\n\t<td class=\"column-1\">TOPLAM SAAT<\/td><td class=\"column-2\"><\/td><td class=\"column-3\">5<\/td>\n<\/tr>\n<tr class=\"row-25\">\n\t<td class=\"column-1\"><\/td><td class=\"column-2\"><\/td><td class=\"column-3\"><\/td>\n<\/tr>\n<tr class=\"row-26\">\n\t<td class=\"column-1\"><strong>CUMA<\/strong><\/td><td class=\"column-2\"><\/td><td class=\"column-3\"><\/td>\n<\/tr>\n<tr class=\"row-27\">\n\t<td class=\"column-1\"><\/td><td class=\"column-2\">Mesai Saatleri<\/td><td class=\"column-3\">Toplam Saat<\/td>\n<\/tr>\n<tr class=\"row-28\">\n\t<td class=\"column-1\">SABAH<\/td><td class=\"column-2\">08:00 - 12:00<\/td><td class=\"column-3\">4<\/td>\n<\/tr>\n<tr class=\"row-29\">\n\t<td class=\"column-1\">AK\u015eAM<\/td><td class=\"column-2\">13:00 - 17:00<\/td><td class=\"column-3\">4<\/td>\n<\/tr>\n<tr class=\"row-30\">\n\t<td class=\"column-1\">TOPLAM SAAT<\/td><td class=\"column-2\"><\/td><td class=\"column-3\">8<\/td>\n<\/tr>\n<tr class=\"row-31\">\n\t<td class=\"column-1\"><strong>A\u0130LE HEK\u0130M\u0130N\u0130N HAFTALIK \u00c7ALI\u015eMA SAATLER\u0130 TOPLAMI<\/strong><\/td><td class=\"column-2\"><\/td><td class=\"column-3\">40<\/td>\n<\/tr>\n<\/tbody>\n<\/table>\n<!-- #tablepress-5 from cache --><\/div>\n\t\t\t\t\t\t<\/div>\n\t\t\t\t<\/div>\n\t\t\t\t\t<\/div>\n\t\t<\/div>\n\t\t\t\t\t<\/div>\n\t\t<\/section>\n\t\t\t\t<section class=\"elementor-section elementor-top-section elementor-element elementor-element-2e6126e elementor-section-boxed elementor-section-height-default elementor-section-height-default\" data-id=\"2e6126e\" data-element_type=\"section\">\n\t\t\t\t\t\t<div class=\"elementor-container elementor-column-gap-default\">\n\t\t\t\t\t<div class=\"elementor-column elementor-col-100 elementor-top-column elementor-element elementor-element-e72e7d0\" data-id=\"e72e7d0\" data-element_type=\"column\">\n\t\t\t<div class=\"elementor-widget-wrap elementor-element-populated\">\n\t\t\t\t\t\t<div class=\"elementor-element elementor-element-c2ddd01 elementor-widget elementor-widget-heading\" data-id=\"c2ddd01\" data-element_type=\"widget\" data-widget_type=\"heading.default\">\n\t\t\t\t<div class=\"elementor-widget-container\">\n\t\t\t\t\t<h2 class=\"elementor-heading-title elementor-size-default\">A\u0130LE SA\u011eLI\u011eI MERKEZ\u0130N\u0130N B\u0130LF\u0130\u0130L H\u0130ZMET VERD\u0130\u011e\u0130 TOPLAM SAAT<\/h2>\t\t\t\t<\/div>\n\t\t\t\t<\/div>\n\t\t\t\t\t<\/div>\n\t\t<\/div>\n\t\t\t\t\t<\/div>\n\t\t<\/section>\n\t\t\t\t<section class=\"elementor-section elementor-top-section elementor-element elementor-element-3471897 elementor-section-boxed elementor-section-height-default elementor-section-height-default\" data-id=\"3471897\" data-element_type=\"section\">\n\t\t\t\t\t\t<div class=\"elementor-container elementor-column-gap-default\">\n\t\t\t\t\t<div class=\"elementor-column elementor-col-100 elementor-top-column elementor-element elementor-element-7684881\" data-id=\"7684881\" data-element_type=\"column\">\n\t\t\t<div class=\"elementor-widget-wrap elementor-element-populated\">\n\t\t\t\t\t\t<div class=\"elementor-element elementor-element-957a91a elementor-widget elementor-widget-shortcode\" data-id=\"957a91a\" data-element_type=\"widget\" data-widget_type=\"shortcode.default\">\n\t\t\t\t<div class=\"elementor-widget-container\">\n\t\t\t\t\t\t\t<div class=\"elementor-shortcode\">\n<table id=\"tablepress-6\" class=\"tablepress tablepress-id-6\">\n<tbody class=\"row-striping row-hover\">\n<tr class=\"row-1\">\n\t<td class=\"column-1\"><strong>A\u0130LE SA\u011eLI\u011eI MERKEZ\u0130N\u0130N B\u0130LF\u0130\u0130L H\u0130ZMET VERD\u0130\u011e\u0130 TOPLAM SAAT<\/strong><\/td><td class=\"column-2\"><\/td><td class=\"column-3\">46<\/td>\n<\/tr>\n<\/tbody>\n<\/table>\n<!-- #tablepress-6 from cache --><\/div>\n\t\t\t\t\t\t<\/div>\n\t\t\t\t<\/div>\n\t\t\t\t\t<\/div>\n\t\t<\/div>\n\t\t\t\t\t<\/div>\n\t\t<\/section>\n\t\t\t\t<\/div>\n\t\t","protected":false},"excerpt":{"rendered":"<p>\u00c7ocu\u011funuzun sa\u011fl\u0131kl\u0131 b\u00fcy\u00fcmesi i\u00e7in d\u00fczenli olarak aile hekimine kontrol ettirmeyi unutmay\u0131n.Anneler!Bebe\u011finiz i\u00e7in en iyi besin anne s\u00fct\u00fcd\u00fcr.Kalbinizi koruyun!Sigara, alkol ve uyu\u015fturucu maddelerden uzak durun. \u00c7ALI\u015eMA SAATLER\u0130 Dr. Gamze KANDEM\u0130R Dr. \u0130rem Karag\u00f6z G\u00fcnel A\u0130LE SA\u011eLI\u011eI MERKEZ\u0130N\u0130N B\u0130LF\u0130\u0130L H\u0130ZMET VERD\u0130\u011e\u0130 TOPLAM SAAT<\/p>\n","protected":false},"author":1,"featured_media":0,"parent":0,"menu_order":0,"comment_status":"closed","ping_status":"closed","template":"","meta":{"ocean_post_layout":"full-width","ocean_both_sidebars_style":"","ocean_both_sidebars_content_width":0,"ocean_both_sidebars_sidebars_width":0,"ocean_sidebar":"0","ocean_second_sidebar":"0","ocean_disable_margins":"enable","ocean_add_body_class":"","ocean_shortcode_before_top_bar":"","ocean_shortcode_after_top_bar":"","ocean_shortcode_before_header":"","ocean_shortcode_after_header":"","ocean_has_shortcode":"","ocean_shortcode_after_title":"","ocean_shortcode_before_footer_widgets":"","ocean_shortcode_after_footer_widgets":"","ocean_shortcode_before_footer_bottom":"","ocean_shortcode_after_footer_bottom":"","ocean_display_top_bar":"default","ocean_display_header":"default","ocean_header_style":"","ocean_center_header_left_menu":"0","ocean_custom_header_template":"0","ocean_custom_logo":0,"ocean_custom_retina_logo":0,"ocean_custom_logo_max_width":0,"ocean_custom_logo_tablet_max_width":0,"ocean_custom_logo_mobile_max_width":0,"ocean_custom_logo_max_height":0,"ocean_custom_logo_tablet_max_height":0,"ocean_custom_logo_mobile_max_height":0,"ocean_header_custom_menu":"0","ocean_menu_typo_font_family":"0","ocean_menu_typo_font_subset":"","ocean_menu_typo_font_size":0,"ocean_menu_typo_font_size_tablet":0,"ocean_menu_typo_font_size_mobile":0,"ocean_menu_typo_font_size_unit":"px","ocean_menu_typo_font_weight":"","ocean_menu_typo_font_weight_tablet":"","ocean_menu_typo_font_weight_mobile":"","ocean_menu_typo_transform":"","ocean_menu_typo_transform_tablet":"","ocean_menu_typo_transform_mobile":"","ocean_menu_typo_line_height":0,"ocean_menu_typo_line_height_tablet":0,"ocean_menu_typo_line_height_mobile":0,"ocean_menu_typo_line_height_unit":"","ocean_menu_typo_spacing":0,"ocean_menu_typo_spacing_tablet":0,"ocean_menu_typo_spacing_mobile":0,"ocean_menu_typo_spacing_unit":"","ocean_menu_link_color":"","ocean_menu_link_color_hover":"","ocean_menu_link_color_active":"","ocean_menu_link_background":"","ocean_menu_link_hover_background":"","ocean_menu_link_active_background":"","ocean_menu_social_links_bg":"","ocean_menu_social_hover_links_bg":"","ocean_menu_social_links_color":"","ocean_menu_social_hover_links_color":"","ocean_disable_title":"on","ocean_disable_heading":"default","ocean_post_title":"","ocean_post_subheading":"","ocean_post_title_style":"","ocean_post_title_background_color":"","ocean_post_title_background":0,"ocean_post_title_bg_image_position":"","ocean_post_title_bg_image_attachment":"","ocean_post_title_bg_image_repeat":"","ocean_post_title_bg_image_size":"","ocean_post_title_height":0,"ocean_post_title_bg_overlay":0.5,"ocean_post_title_bg_overlay_color":"","ocean_disable_breadcrumbs":"default","ocean_breadcrumbs_color":"","ocean_breadcrumbs_separator_color":"","ocean_breadcrumbs_links_color":"","ocean_breadcrumbs_links_hover_color":"","ocean_display_footer_widgets":"default","ocean_display_footer_bottom":"default","ocean_custom_footer_template":"0","footnotes":""},"class_list":["post-183","page","type-page","status-publish","hentry","entry"],"_links":{"self":[{"href":"https:\/\/www.demokrasisehitleriasm.com\/index.php?rest_route=\/wp\/v2\/pages\/183","targetHints":{"allow":["GET"]}}],"collection":[{"href":"https:\/\/www.demokrasisehitleriasm.com\/index.php?rest_route=\/wp\/v2\/pages"}],"about":[{"href":"https:\/\/www.demokrasisehitleriasm.com\/index.php?rest_route=\/wp\/v2\/types\/page"}],"author":[{"embeddable":true,"href":"https:\/\/www.demokrasisehitleriasm.com\/index.php?rest_route=\/wp\/v2\/users\/1"}],"replies":[{"embeddable":true,"href":"https:\/\/www.demokrasisehitleriasm.com\/index.php?rest_route=%2Fwp%2Fv2%2Fcomments&post=183"}],"version-history":[{"count":22,"href":"https:\/\/www.demokrasisehitleriasm.com\/index.php?rest_route=\/wp\/v2\/pages\/183\/revisions"}],"predecessor-version":[{"id":316,"href":"https:\/\/www.demokrasisehitleriasm.com\/index.php?rest_route=\/wp\/v2\/pages\/183\/revisions\/316"}],"wp:attachment":[{"href":"https:\/\/www.demokrasisehitleriasm.com\/index.php?rest_route=%2Fwp%2Fv2%2Fmedia&parent=183"}],"curies":[{"name":"wp","href":"https:\/\/api.w.org\/{rel}","templated":true}]}}